{"id":189,"date":"2020-09-27T11:23:26","date_gmt":"2020-09-27T09:23:26","guid":{"rendered":"http:\/\/judocabestany.fr\/?page_id=189"},"modified":"2025-12-15T20:28:02","modified_gmt":"2025-12-15T19:28:02","slug":"contactez-nous","status":"publish","type":"page","link":"https:\/\/judocabestany.fr\/index.php\/contactez-nous\/","title":{"rendered":"Contactez nous !"},"content":{"rendered":"<style id=\"wpforms-css-vars-493-block-ef001b16-11ca-44d1-b833-f38f373710e5\">\n\t\t\t\t#wpforms-493.wpforms-block-ef001b16-11ca-44d1-b833-f38f373710e5 {\n\t\t\t\t--wpforms-field-size-input-height: 43px;\n--wpforms-field-size-input-spacing: 15px;\n--wpforms-field-size-font-size: 16px;\n--wpforms-field-size-line-height: 19px;\n--wpforms-field-size-padding-h: 14px;\n--wpforms-field-size-checkbox-size: 16px;\n--wpforms-field-size-sublabel-spacing: 5px;\n--wpforms-field-size-icon-size: 1;\n--wpforms-label-size-font-size: 16px;\n--wpforms-label-size-line-height: 19px;\n--wpforms-label-size-sublabel-font-size: 14px;\n--wpforms-label-size-sublabel-line-height: 17px;\n--wpforms-button-size-font-size: 17px;\n--wpforms-button-size-height: 41px;\n--wpforms-button-size-padding-h: 15px;\n--wpforms-button-size-margin-top: 10px;\n\t\t\t}\n\t\t\t<\/style><div class=\"wpforms-container wpforms-container-full wpforms-block wpforms-block-ef001b16-11ca-44d1-b833-f38f373710e5 wpforms-render-modern\" id=\"wpforms-493\"><form id=\"wpforms-form-493\" class=\"wpforms-validate wpforms-form wpforms-ajax-form\" data-formid=\"493\" method=\"post\" enctype=\"multipart\/form-data\" action=\"\/index.php\/wp-json\/wp\/v2\/pages\/189\" data-token=\"3809cb67e67f51c8100f98f7d9c2e1d6\" data-token-time=\"1776260341\"><noscript class=\"wpforms-error-noscript\">Please enable JavaScript in your browser to complete this form.<\/noscript><div id=\"wpforms-error-noscript\" style=\"display: none;\">Please enable JavaScript in your browser to complete this form.<\/div><div class=\"wpforms-field-container\"><div id=\"wpforms-493-field_1-container\" class=\"wpforms-field wpforms-field-name\" data-field-id=\"1\"><fieldset><legend class=\"wpforms-field-label\">Nom <span class=\"wpforms-required-label\" aria-hidden=\"true\">*<\/span><\/legend><div class=\"wpforms-field-row wpforms-field-medium\"><div class=\"wpforms-field-row-block wpforms-first wpforms-one-half\"><input type=\"text\" id=\"wpforms-493-field_1\" class=\"wpforms-field-name-first wpforms-field-required\" name=\"wpforms[fields][1][first]\" placeholder=\"Pr\u00e9nom\" aria-errormessage=\"wpforms-493-field_1-error\" required><label for=\"wpforms-493-field_1\" class=\"wpforms-field-sublabel after wpforms-sublabel-hide\">First<\/label><\/div><div class=\"wpforms-field-row-block wpforms-one-half\"><input type=\"text\" id=\"wpforms-493-field_1-last\" class=\"wpforms-field-name-last wpforms-field-required\" name=\"wpforms[fields][1][last]\" placeholder=\"Nom\" aria-errormessage=\"wpforms-493-field_1-last-error\" required><label for=\"wpforms-493-field_1-last\" class=\"wpforms-field-sublabel after wpforms-sublabel-hide\">Last<\/label><\/div><\/div><\/fieldset><\/div><div id=\"wpforms-493-field_2-container\" class=\"wpforms-field wpforms-field-email\" data-field-id=\"2\"><label class=\"wpforms-field-label\" for=\"wpforms-493-field_2\">Email <span class=\"wpforms-required-label\" aria-hidden=\"true\">*<\/span><\/label><input type=\"email\" id=\"wpforms-493-field_2\" class=\"wpforms-field-medium wpforms-field-required\" name=\"wpforms[fields][2]\" spellcheck=\"false\" aria-errormessage=\"wpforms-493-field_2-error\" required><\/div>\t\t<div id=\"wpforms-493-field_4-container\"\n\t\t\tclass=\"wpforms-field wpforms-field-text\"\n\t\t\tdata-field-type=\"text\"\n\t\t\tdata-field-id=\"4\"\n\t\t\t>\n\t\t\t<label class=\"wpforms-field-label\" for=\"wpforms-493-field_4\" >Email Votre Nom<\/label>\n\t\t\t<input type=\"text\" id=\"wpforms-493-field_4\" class=\"wpforms-field-medium\" name=\"wpforms[fields][4]\" >\n\t\t<\/div>\n\t\t<div id=\"wpforms-493-field_3-container\" class=\"wpforms-field wpforms-field-textarea\" data-field-id=\"3\"><label class=\"wpforms-field-label\" for=\"wpforms-493-field_3\">Votre Message<\/label><textarea id=\"wpforms-493-field_3\" class=\"wpforms-field-medium\" name=\"wpforms[fields][3]\" aria-errormessage=\"wpforms-493-field_3-error\" ><\/textarea><\/div><script>\n\t\t\t\t( function() {\n\t\t\t\t\tconst style = document.createElement( 'style' );\n\t\t\t\t\tstyle.appendChild( document.createTextNode( '#wpforms-493-field_4-container { position: absolute !important; overflow: hidden !important; display: inline !important; height: 1px !important; width: 1px !important; z-index: -1000 !important; padding: 0 !important; } #wpforms-493-field_4-container input { visibility: hidden; } #wpforms-conversational-form-page #wpforms-493-field_4-container label { counter-increment: none; }' ) );\n\t\t\t\t\tdocument.head.appendChild( style );\n\t\t\t\t\tdocument.currentScript?.remove();\n\t\t\t\t} )();\n\t\t\t<\/script><\/div><!-- .wpforms-field-container --><div class=\"wpforms-submit-container\" ><input type=\"hidden\" name=\"wpforms[id]\" value=\"493\"><input type=\"hidden\" name=\"page_title\" value=\"\"><input type=\"hidden\" name=\"page_url\" value=\"https:\/\/judocabestany.fr\/index.php\/wp-json\/wp\/v2\/pages\/189\"><input type=\"hidden\" name=\"url_referer\" value=\"\"><button type=\"submit\" name=\"wpforms[submit]\" id=\"wpforms-submit-493\" class=\"wpforms-submit\" data-alt-text=\"Envoie...\" data-submit-text=\"Envoyer\" aria-live=\"assertive\" value=\"wpforms-submit\">Envoyer<\/button><img loading=\"lazy\" decoding=\"async\" src=\"https:\/\/judocabestany.fr\/wp-content\/plugins\/wpforms-lite\/assets\/images\/submit-spin.svg\" class=\"wpforms-submit-spinner\" style=\"display: none;\" width=\"26\" height=\"26\" alt=\"Loading\"><\/div><\/form><\/div>  <!-- .wpforms-container -->\n\n\n<p><em>Conform\u00e9ment \u00e0 l&#8217;article 27 de la loi &#8220;Informatique et Libert\u00e9s&#8221; du 6 janvier 1978, les champs d&#8217;information que vous remplissez sur le site sont n\u00e9cessaires \u00e0 l&#8217;enregistrement et au traitement de vos demandes. Nous ne les transmettrons pas \u00e0 des tiers.<\/em><\/p>\n\n\n\n<p>Adresse du si\u00e8ge social du COC Judo : <br>3 avenue Marcel Carbonnell &#8211; 66330 CABESTANY<\/p>\n\n\n\n<hr class=\"wp-block-separator has-css-opacity\"\/>\n\n\n\n<p class=\"has-text-align-left\">Adresse du Dojo : <br>Complexe Sportif Camp de la Germanor &#8211; Espace Nelson Mandela<br>Route de Saleilles &#8211; 66330 CABESTANY<\/p>\n\n\n\n<hr class=\"wp-block-separator has-alpha-channel-opacity\"\/>\n\n\n\n<iframe loading=\"lazy\" src=\"https:\/\/www.google.com\/maps\/embed?pb=!1m14!1m8!1m3!1d11734.423558433129!2d2.9442464!3d42.6697064!3m2!1i1024!2i768!4f13.1!3m3!1m2!1s0x0%3A0xb26c7360039170d6!2sComplexe%20Sportif%20-%20Germanor!5e0!3m2!1sfr!2sfr!4v1602483812000!5m2!1sfr!2sfr\" style=\"border:0;\" allowfullscreen=\"\" aria-hidden=\"false\" tabindex=\"0\" width=\"600\" height=\"450\" frameborder=\"0\"><\/iframe>\n\n\n\n<hr class=\"wp-block-separator has-css-opacity\"\/>\n\n\n\n<p>Professeur : Jean BARCELO : 06 89 81 86 37<\/p>\n\n\n\n<p>Pr\u00e9sident : Ludovic CABARIBERE : 06 11 76 62 50 <\/p>\n\n\n\n<p>Tr\u00e9sorier : Raymond GRIMAL : 06 20 57 80 41<\/p>\n\n\n\n<p>Secr\u00e9taire : Virginie LEONOFF<\/p>\n\n\n\n<p>Secr\u00e9taire charg\u00e9 de la communication : Benoit DESNEUX : 06 70 96 70 43<\/p>\n\n\n\n<hr class=\"wp-block-separator has-alpha-channel-opacity\"\/>\n","protected":false},"excerpt":{"rendered":"<p>Conform\u00e9ment \u00e0 l&#8217;article 27 de la loi &#8220;Informatique et Libert\u00e9s&#8221; du 6 janvier 1978, les champs d&#8217;information que vous remplissez sur le site sont n\u00e9cessaires \u00e0 l&#8217;enregistrement et au traitement de vos demandes. Nous ne les transmettrons pas \u00e0 des tiers. Adresse du si\u00e8ge social du COC Judo : 3 avenue Marcel Carbonnell &#8211; 66330 CABESTANY Adresse du Dojo : Complexe Sportif Camp de la Germanor &#8211; Espace Nelson MandelaRoute de Saleilles &#8211; 66330 CABESTANY Professeur : Jean BARCELO : 06 89 81 86 37 Pr\u00e9sident : Ludovic CABARIBERE : 06 11 76 62 50 Tr\u00e9sorier : Raymond GRIMAL : 06 20 57 80 41 Secr\u00e9taire : Virginie LEONOFF Secr\u00e9taire charg\u00e9 de la communication : Benoit DESNEUX : 06 70 96 70 43<\/p>\n","protected":false},"author":1,"featured_media":0,"parent":0,"menu_order":0,"comment_status":"closed","ping_status":"closed","template":"","meta":{"footnotes":""},"class_list":["post-189","page","type-page","status-publish"],"yoast_head":"<!-- This site is optimized with the Yoast SEO plugin v19.10 - https:\/\/yoast.com\/wordpress\/plugins\/seo\/ -->\n<title>Contactez nous ! - COC JUDO - ARTS MARTIAUX<\/title>\n<meta name=\"robots\" content=\"index, follow, max-snippet:-1, max-image-preview:large, max-video-preview:-1\" \/>\n<link rel=\"canonical\" href=\"https:\/\/judocabestany.fr\/index.php\/contactez-nous\/\" \/>\n<meta property=\"og:locale\" content=\"en_US\" \/>\n<meta property=\"og:type\" content=\"article\" \/>\n<meta property=\"og:title\" content=\"Contactez nous ! - COC JUDO - ARTS MARTIAUX\" \/>\n<meta property=\"og:description\" content=\"Conform\u00e9ment \u00e0 l&#8217;article 27 de la loi &#8220;Informatique et Libert\u00e9s&#8221; du 6 janvier 1978, les champs d&#8217;information que vous remplissez sur le site sont n\u00e9cessaires \u00e0 l&#8217;enregistrement et au traitement de vos demandes. Nous ne les transmettrons pas \u00e0 des tiers. Adresse du si\u00e8ge social du COC Judo : 3 avenue Marcel Carbonnell &#8211; 66330 CABESTANY Adresse du Dojo : Complexe Sportif Camp de la Germanor &#8211; Espace Nelson MandelaRoute de Saleilles &#8211; 66330 CABESTANY Professeur : Jean BARCELO : 06 89 81 86 37 Pr\u00e9sident : Ludovic CABARIBERE : 06 11 76 62 50 Tr\u00e9sorier : Raymond GRIMAL : 06 20 57 80 41 Secr\u00e9taire : Virginie LEONOFF Secr\u00e9taire charg\u00e9 de la communication : Benoit DESNEUX : 06 70 96 70 43\" \/>\n<meta property=\"og:url\" content=\"https:\/\/judocabestany.fr\/index.php\/contactez-nous\/\" \/>\n<meta property=\"og:site_name\" content=\"COC JUDO - ARTS MARTIAUX\" \/>\n<meta property=\"article:modified_time\" content=\"2025-12-15T19:28:02+00:00\" \/>\n<meta name=\"twitter:card\" content=\"summary_large_image\" \/>\n<meta name=\"twitter:label1\" content=\"Est. reading time\" \/>\n\t<meta name=\"twitter:data1\" content=\"1 minute\" \/>\n<script type=\"application\/ld+json\" class=\"yoast-schema-graph\">{\"@context\":\"https:\/\/schema.org\",\"@graph\":[{\"@type\":\"WebPage\",\"@id\":\"https:\/\/judocabestany.fr\/index.php\/contactez-nous\/\",\"url\":\"https:\/\/judocabestany.fr\/index.php\/contactez-nous\/\",\"name\":\"Contactez nous ! - COC JUDO - ARTS MARTIAUX\",\"isPartOf\":{\"@id\":\"https:\/\/judocabestany.fr\/#website\"},\"datePublished\":\"2020-09-27T09:23:26+00:00\",\"dateModified\":\"2025-12-15T19:28:02+00:00\",\"breadcrumb\":{\"@id\":\"https:\/\/judocabestany.fr\/index.php\/contactez-nous\/#breadcrumb\"},\"inLanguage\":\"en-US\",\"potentialAction\":[{\"@type\":\"ReadAction\",\"target\":[\"https:\/\/judocabestany.fr\/index.php\/contactez-nous\/\"]}]},{\"@type\":\"BreadcrumbList\",\"@id\":\"https:\/\/judocabestany.fr\/index.php\/contactez-nous\/#breadcrumb\",\"itemListElement\":[{\"@type\":\"ListItem\",\"position\":1,\"name\":\"Accueil\",\"item\":\"https:\/\/judocabestany.fr\/\"},{\"@type\":\"ListItem\",\"position\":2,\"name\":\"Contactez nous !\"}]},{\"@type\":\"WebSite\",\"@id\":\"https:\/\/judocabestany.fr\/#website\",\"url\":\"https:\/\/judocabestany.fr\/\",\"name\":\"COC JUDO - ARTS MARTIAUX\",\"description\":\"Judo JuJitsu - Taekwondo - Kick Boxing\",\"publisher\":{\"@id\":\"https:\/\/judocabestany.fr\/#organization\"},\"potentialAction\":[{\"@type\":\"SearchAction\",\"target\":{\"@type\":\"EntryPoint\",\"urlTemplate\":\"https:\/\/judocabestany.fr\/?s={search_term_string}\"},\"query-input\":\"required name=search_term_string\"}],\"inLanguage\":\"en-US\"},{\"@type\":\"Organization\",\"@id\":\"https:\/\/judocabestany.fr\/#organization\",\"name\":\"COC JUDO - ARTS MARTIAUX\",\"url\":\"https:\/\/judocabestany.fr\/\",\"logo\":{\"@type\":\"ImageObject\",\"inLanguage\":\"en-US\",\"@id\":\"https:\/\/judocabestany.fr\/#\/schema\/logo\/image\/\",\"url\":\"https:\/\/judocabestany.fr\/wp-content\/uploads\/2020\/05\/cropped-COC_JUDO_ARTS_MARTIAUX_4_B.gif\",\"contentUrl\":\"https:\/\/judocabestany.fr\/wp-content\/uploads\/2020\/05\/cropped-COC_JUDO_ARTS_MARTIAUX_4_B.gif\",\"width\":105,\"height\":100,\"caption\":\"COC JUDO - ARTS MARTIAUX\"},\"image\":{\"@id\":\"https:\/\/judocabestany.fr\/#\/schema\/logo\/image\/\"}}]}<\/script>\n<!-- \/ Yoast SEO plugin. -->","yoast_head_json":{"title":"Contactez nous ! - COC JUDO - ARTS MARTIAUX","robots":{"index":"index","follow":"follow","max-snippet":"max-snippet:-1","max-image-preview":"max-image-preview:large","max-video-preview":"max-video-preview:-1"},"canonical":"https:\/\/judocabestany.fr\/index.php\/contactez-nous\/","og_locale":"en_US","og_type":"article","og_title":"Contactez nous ! - COC JUDO - ARTS MARTIAUX","og_description":"Conform\u00e9ment \u00e0 l&#8217;article 27 de la loi &#8220;Informatique et Libert\u00e9s&#8221; du 6 janvier 1978, les champs d&#8217;information que vous remplissez sur le site sont n\u00e9cessaires \u00e0 l&#8217;enregistrement et au traitement de vos demandes. Nous ne les transmettrons pas \u00e0 des tiers. Adresse du si\u00e8ge social du COC Judo : 3 avenue Marcel Carbonnell &#8211; 66330 CABESTANY Adresse du Dojo : Complexe Sportif Camp de la Germanor &#8211; Espace Nelson MandelaRoute de Saleilles &#8211; 66330 CABESTANY Professeur : Jean BARCELO : 06 89 81 86 37 Pr\u00e9sident : Ludovic CABARIBERE : 06 11 76 62 50 Tr\u00e9sorier : Raymond GRIMAL : 06 20 57 80 41 Secr\u00e9taire : Virginie LEONOFF Secr\u00e9taire charg\u00e9 de la communication : Benoit DESNEUX : 06 70 96 70 43","og_url":"https:\/\/judocabestany.fr\/index.php\/contactez-nous\/","og_site_name":"COC JUDO - ARTS MARTIAUX","article_modified_time":"2025-12-15T19:28:02+00:00","twitter_card":"summary_large_image","twitter_misc":{"Est. reading time":"1 minute"},"schema":{"@context":"https:\/\/schema.org","@graph":[{"@type":"WebPage","@id":"https:\/\/judocabestany.fr\/index.php\/contactez-nous\/","url":"https:\/\/judocabestany.fr\/index.php\/contactez-nous\/","name":"Contactez nous ! - COC JUDO - ARTS MARTIAUX","isPartOf":{"@id":"https:\/\/judocabestany.fr\/#website"},"datePublished":"2020-09-27T09:23:26+00:00","dateModified":"2025-12-15T19:28:02+00:00","breadcrumb":{"@id":"https:\/\/judocabestany.fr\/index.php\/contactez-nous\/#breadcrumb"},"inLanguage":"en-US","potentialAction":[{"@type":"ReadAction","target":["https:\/\/judocabestany.fr\/index.php\/contactez-nous\/"]}]},{"@type":"BreadcrumbList","@id":"https:\/\/judocabestany.fr\/index.php\/contactez-nous\/#breadcrumb","itemListElement":[{"@type":"ListItem","position":1,"name":"Accueil","item":"https:\/\/judocabestany.fr\/"},{"@type":"ListItem","position":2,"name":"Contactez nous !"}]},{"@type":"WebSite","@id":"https:\/\/judocabestany.fr\/#website","url":"https:\/\/judocabestany.fr\/","name":"COC JUDO - ARTS MARTIAUX","description":"Judo JuJitsu - Taekwondo - Kick Boxing","publisher":{"@id":"https:\/\/judocabestany.fr\/#organization"},"potentialAction":[{"@type":"SearchAction","target":{"@type":"EntryPoint","urlTemplate":"https:\/\/judocabestany.fr\/?s={search_term_string}"},"query-input":"required name=search_term_string"}],"inLanguage":"en-US"},{"@type":"Organization","@id":"https:\/\/judocabestany.fr\/#organization","name":"COC JUDO - ARTS MARTIAUX","url":"https:\/\/judocabestany.fr\/","logo":{"@type":"ImageObject","inLanguage":"en-US","@id":"https:\/\/judocabestany.fr\/#\/schema\/logo\/image\/","url":"https:\/\/judocabestany.fr\/wp-content\/uploads\/2020\/05\/cropped-COC_JUDO_ARTS_MARTIAUX_4_B.gif","contentUrl":"https:\/\/judocabestany.fr\/wp-content\/uploads\/2020\/05\/cropped-COC_JUDO_ARTS_MARTIAUX_4_B.gif","width":105,"height":100,"caption":"COC JUDO - ARTS MARTIAUX"},"image":{"@id":"https:\/\/judocabestany.fr\/#\/schema\/logo\/image\/"}}]}},"_links":{"self":[{"href":"https:\/\/judocabestany.fr\/index.php\/wp-json\/wp\/v2\/pages\/189","targetHints":{"allow":["GET"]}}],"collection":[{"href":"https:\/\/judocabestany.fr\/index.php\/wp-json\/wp\/v2\/pages"}],"about":[{"href":"https:\/\/judocabestany.fr\/index.php\/wp-json\/wp\/v2\/types\/page"}],"author":[{"embeddable":true,"href":"https:\/\/judocabestany.fr\/index.php\/wp-json\/wp\/v2\/users\/1"}],"replies":[{"embeddable":true,"href":"https:\/\/judocabestany.fr\/index.php\/wp-json\/wp\/v2\/comments?post=189"}],"version-history":[{"count":10,"href":"https:\/\/judocabestany.fr\/index.php\/wp-json\/wp\/v2\/pages\/189\/revisions"}],"predecessor-version":[{"id":497,"href":"https:\/\/judocabestany.fr\/index.php\/wp-json\/wp\/v2\/pages\/189\/revisions\/497"}],"wp:attachment":[{"href":"https:\/\/judocabestany.fr\/index.php\/wp-json\/wp\/v2\/media?parent=189"}],"curies":[{"name":"wp","href":"https:\/\/api.w.org\/{rel}","templated":true}]}}